{"id":1950,"date":"2013-10-11T15:15:52","date_gmt":"2013-10-11T15:15:52","guid":{"rendered":"http:\/\/www.gewoonjudith.nl\/"},"modified":"2016-01-31T18:03:02","modified_gmt":"2016-01-31T17:03:02","slug":"bestel-hier-een-kuur","status":"publish","type":"page","link":"https:\/\/www.judithbussink.com\/en\/speciale-aanbieding\/bestel-hier-een-kuur\/","title":{"rendered":"Hele afslankkuur voor slechts \u20ac 149,&#8211;"},"content":{"rendered":"<p><img loading=\"lazy\" decoding=\"async\" class=\"alignright size-thumbnail wp-image-2780\" src=\"http:\/\/www.gewoonjudith.nl\/wp-content\/uploads\/favicon.ico\" alt=\"favicon\" width=\"1\" height=\"1\" \/><\/p>\n<div id=\"attachment_2806\" style=\"width: 310px\" class=\"wp-caption aligncenter\"><a href=\"http:\/\/www.gewoonjudith.nl\/wp-content\/uploads\/Bio-HCG-Doos-Open.jpg\"><img loading=\"lazy\" decoding=\"async\" aria-describedby=\"caption-attachment-2806\" class=\"wp-image-2806 size-medium\" src=\"http:\/\/www.gewoonjudith.nl\/wp-content\/uploads\/Bio-HCG-Doos-Open-300x199.jpg\" alt=\"BIOHCG-KUUR NU MET GRATIS TELEFONISCHE TOELICHTING. BEL: 06 \u2013 48 97 05 29\" width=\"300\" height=\"199\" \/><\/a><p id=\"caption-attachment-2806\" class=\"wp-caption-text\">Bestel nu een hele afslankkuur. Gemiddeld gewichtsverlies tussen 8 en 10% (<a href=\"http:\/\/www.judithbussink.com\/en\/tarieven-en-vergoedingen\/disclaimer\/\">zie disclaimer<\/a>). Levering in fraaie box inclusief een handleiding, multivitaminen, diverse recepten en \u00e9\u00e9n gratis telefonisch consult. Besteld v\u00f3\u00f3r 16.00 uur, vandaag verstuurd. Gratis verzendkosten! Vul hieronder jouw gegevens in en bestel direct online nu!<\/p><\/div>\n<p><iframe loading=\"lazy\" style=\"width: 610px; height: 900px;\" src=\"https:\/\/www.paypro.nl\/product\/COMPLETE_SLIMMING_CURE_BIO-HCG\/25279?nofocus=true\" width=\"300\" height=\"150\" frameborder=\"0\"><\/iframe><\/p>\n<p><span style=\"color: #ff0000;\"><span style=\"color: #333333;\">P.S.: Op bestellingen zijn de <a href=\"http:\/\/www.gewoonjudith.nl\/tarieven-en-vergoedingen\/algemene-voorwaarden\/\">Algemene Voorwaarden<\/a>\u00a0en de <a href=\"http:\/\/www.judithbussink.com\/en\/tarieven-en-vergoedingen\/disclaimer\/\">Disclaimer<\/a> en het <a href=\"http:\/\/www.gewoonjudith.nl\/tarieven-en-vergoedingen\/algemene-voorwaarden\/retour-en-teruggavebeleid\/\">Retour- en teruggave beleid<\/a> van toepassing.<\/span><\/span><\/p>\n","protected":false},"excerpt":{"rendered":"<p>P.S.: Op bestellingen zijn de Algemene Voorwaarden\u00a0en de Disclaimer en het Retour- en teruggave beleid van toepassing.<\/p>\n","protected":false},"author":1,"featured_media":0,"parent":2012,"menu_order":2,"comment_status":"closed","ping_status":"closed","template":"","meta":{"_genesis_hide_title":false,"_genesis_hide_breadcrumbs":false,"_genesis_hide_singular_image":false,"_genesis_hide_footer_widgets":false,"_genesis_custom_body_class":"","_genesis_custom_post_class":"","_genesis_layout":"","footnotes":""},"aioseo_notices":[],"_links":{"self":[{"href":"https:\/\/www.judithbussink.com\/en\/wp-json\/wp\/v2\/pages\/1950"}],"collection":[{"href":"https:\/\/www.judithbussink.com\/en\/wp-json\/wp\/v2\/pages"}],"about":[{"href":"https:\/\/www.judithbussink.com\/en\/wp-json\/wp\/v2\/types\/page"}],"author":[{"embeddable":true,"href":"https:\/\/www.judithbussink.com\/en\/wp-json\/wp\/v2\/users\/1"}],"replies":[{"embeddable":true,"href":"https:\/\/www.judithbussink.com\/en\/wp-json\/wp\/v2\/comments?post=1950"}],"version-history":[{"count":10,"href":"https:\/\/www.judithbussink.com\/en\/wp-json\/wp\/v2\/pages\/1950\/revisions"}],"predecessor-version":[{"id":3486,"href":"https:\/\/www.judithbussink.com\/en\/wp-json\/wp\/v2\/pages\/1950\/revisions\/3486"}],"up":[{"embeddable":true,"href":"https:\/\/www.judithbussink.com\/en\/wp-json\/wp\/v2\/pages\/2012"}],"wp:attachment":[{"href":"https:\/\/www.judithbussink.com\/en\/wp-json\/wp\/v2\/media?parent=1950"}],"curies":[{"name":"wp","href":"https:\/\/api.w.org\/{rel}","templated":true}]}}