{"id":2970,"date":"2014-12-21T18:04:32","date_gmt":"2014-12-21T18:04:32","guid":{"rendered":"http:\/\/www.gewoonjudith.nl\/?page_id=2970"},"modified":"2016-01-31T18:02:26","modified_gmt":"2016-01-31T17:02:26","slug":"halve-kuur-bestellen-voor-65-euro","status":"publish","type":"page","link":"https:\/\/www.judithbussink.com\/en\/speciale-aanbieding\/halve-kuur-bestellen-voor-65-euro\/","title":{"rendered":"Halve afslankkuur voor slechts \u20ac 79,-"},"content":{"rendered":"<div id=\"attachment_2977\" style=\"width: 310px\" class=\"wp-caption aligncenter\"><a href=\"http:\/\/www.gewoonjudith.nl\/wp-content\/uploads\/Halve-Kuur-BioHCG-.jpg\"><img loading=\"lazy\" decoding=\"async\" aria-describedby=\"caption-attachment-2977\" class=\"wp-image-2977 size-medium\" src=\"http:\/\/www.gewoonjudith.nl\/wp-content\/uploads\/Halve-Kuur-BioHCG--300x200.jpg\" alt=\"\" width=\"300\" height=\"200\" \/><\/a><p id=\"caption-attachment-2977\" class=\"wp-caption-text\">Bestel nu een halve afslankkuur. Gemiddeld gewichtsverlies tussen 4 en 5% (<a href=\"http:\/\/www.judithbussink.com\/en\/tarieven-en-vergoedingen\/disclaimer\/\">zie disclaimer<\/a>). Levering inclusief een handleiding, diverse recepten en \u00e9\u00e9n gratis telefonisch consult. Besteld v\u00f3\u00f3r 16.00 uur, vandaag verstuurd. Gratis verzendkosten! Vul hieronder jouw gegevens in en bestel direct online nu!<\/p><\/div>\n<p><iframe loading=\"lazy\" style=\"width: 610px; height: 900px;\" src=\"https:\/\/www.paypro.nl\/product\/HALF_SLIMMING_CURE_BIO-HCG\/25280?nofocus=true\" width=\"300\" height=\"150\" frameborder=\"0\"><\/iframe><\/p>\n<p><span style=\"color: #ff0000;\"><span style=\"color: #333333;\">P.S.: Op bestellingen zijn de <a href=\"http:\/\/www.gewoonjudith.nl\/tarieven-en-vergoedingen\/algemene-voorwaarden\/\">Algemene Voorwaarden<\/a>\u00a0en de <a href=\"http:\/\/www.judithbussink.com\/en\/tarieven-en-vergoedingen\/disclaimer\/\">Disclaimer<\/a> en het <a href=\"http:\/\/www.gewoonjudith.nl\/tarieven-en-vergoedingen\/algemene-voorwaarden\/retour-en-teruggavebeleid\/\">Retour- en teruggave beleid<\/a> van toepassing.<\/span><\/span><\/p>\n","protected":false},"excerpt":{"rendered":"<p>P.S.: Op bestellingen zijn de Algemene Voorwaarden\u00a0en de Disclaimer en het Retour- en teruggave beleid van toepassing.<\/p>\n","protected":false},"author":1,"featured_media":0,"parent":2012,"menu_order":1,"comment_status":"closed","ping_status":"closed","template":"","meta":{"_genesis_hide_title":false,"_genesis_hide_breadcrumbs":false,"_genesis_hide_singular_image":false,"_genesis_hide_footer_widgets":false,"_genesis_custom_body_class":"","_genesis_custom_post_class":"","_genesis_layout":"","footnotes":""},"aioseo_notices":[],"_links":{"self":[{"href":"https:\/\/www.judithbussink.com\/en\/wp-json\/wp\/v2\/pages\/2970"}],"collection":[{"href":"https:\/\/www.judithbussink.com\/en\/wp-json\/wp\/v2\/pages"}],"about":[{"href":"https:\/\/www.judithbussink.com\/en\/wp-json\/wp\/v2\/types\/page"}],"author":[{"embeddable":true,"href":"https:\/\/www.judithbussink.com\/en\/wp-json\/wp\/v2\/users\/1"}],"replies":[{"embeddable":true,"href":"https:\/\/www.judithbussink.com\/en\/wp-json\/wp\/v2\/comments?post=2970"}],"version-history":[{"count":11,"href":"https:\/\/www.judithbussink.com\/en\/wp-json\/wp\/v2\/pages\/2970\/revisions"}],"predecessor-version":[{"id":3485,"href":"https:\/\/www.judithbussink.com\/en\/wp-json\/wp\/v2\/pages\/2970\/revisions\/3485"}],"up":[{"embeddable":true,"href":"https:\/\/www.judithbussink.com\/en\/wp-json\/wp\/v2\/pages\/2012"}],"wp:attachment":[{"href":"https:\/\/www.judithbussink.com\/en\/wp-json\/wp\/v2\/media?parent=2970"}],"curies":[{"name":"wp","href":"https:\/\/api.w.org\/{rel}","templated":true}]}}